{"id":760,"date":"2014-12-15T07:00:36","date_gmt":"2014-12-15T07:00:36","guid":{"rendered":"https:\/\/polybag.com.uy\/web\/?page_id=760"},"modified":"2022-11-09T16:27:29","modified_gmt":"2022-11-09T16:27:29","slug":"como-comprar","status":"publish","type":"page","link":"https:\/\/polybag.com.uy\/web\/como-comprar\/","title":{"rendered":"\u00bfC\u00f3mo Comprar?"},"content":{"rendered":"<style>\/*! elementor - v3.6.6 - 08-06-2022 *\/<br \/>\n.elementor-toggle{text-align:left}.elementor-toggle .elementor-tab-title{font-weight:700;line-height:1;margin:0;padding:15px;border-bottom:1px solid #d4d4d4;cursor:pointer;outline:none}.elementor-toggle .elementor-tab-title .elementor-toggle-icon{display:inline-block;width:1em}.elementor-toggle .elementor-tab-title .elementor-toggle-icon svg{-webkit-margin-start:-5px;margin-inline-start:-5px;width:1em;height:1em}.elementor-toggle .elementor-tab-title .elementor-toggle-icon.elementor-toggle-icon-right{float:right;text-align:right}.elementor-toggle .elementor-tab-title .elementor-toggle-icon.elementor-toggle-icon-left{float:left;text-align:left}.elementor-toggle .elementor-tab-title .elementor-toggle-icon .elementor-toggle-icon-closed{display:block}.elementor-toggle .elementor-tab-title .elementor-toggle-icon .elementor-toggle-icon-opened{display:none}.elementor-toggle .elementor-tab-title.elementor-active{border-bottom:none}.elementor-toggle .elementor-tab-title.elementor-active .elementor-toggle-icon-closed{display:none}.elementor-toggle .elementor-tab-title.elementor-active .elementor-toggle-icon-opened{display:block}.elementor-toggle .elementor-tab-content{padding:15px;border-bottom:1px solid #d4d4d4;display:none}@media (max-width:767px){.elementor-toggle .elementor-tab-title{padding:12px}.elementor-toggle .elementor-tab-content{padding:12px 10px}}<\/style>\n<p><a>\u00bfC\u00f3mo Comprar?<\/a><\/p>\n<section data-store=\"page-title\"><strong>TodoEnvases<\/strong>\u00a0ofrece a sus clientes la oportunidad de comprar sus productos a trav\u00e9s de su tienda virtual<\/p>\n<\/section>\n<section>Por ejemplo:<\/p>\n<ol>\n<li>Elige el producto que deseas comprar.<\/li>\n<li>Haz clic en el bot\u00f3n de \u00abAgregar al carrito\u00bb. Esto agregar\u00e1 el producto a tu carrito y te llevar\u00e1 al mismo.<\/li>\n<li>Puedes seguir agregando otros productos al carrito o sino haz clic en \u00abIniciar Compra\u00bb.<\/li>\n<li>Completa tus datos de contacto y haz clic en \u00abContinuar\u00bb.<\/li>\n<li>Ingresa la direcci\u00f3n a donde deseas recibir el producto. Luego haz clic en \u00abContinuar\u00bb.<\/li>\n<li>Elige el medio de pago.\n<ul>\n<li>Una vez que hayas elegido el medio de pago, haz clic en \u00abContinuar\u00bb.<\/li>\n<\/ul>\n<\/li>\n<li>Finalmente en la p\u00e1gina de Confirmaci\u00f3n de compra puedes revisar toda la informaci\u00f3n de la compra. Luego haz clic en \u00abContinuar\u00bb.<\/li>\n<li>Ah\u00ed ser\u00e1s redirigido a otra pantalla para que completes los datos sobre la forma de pago elegida. Despu\u00e9s de confirmar la compra recibir\u00e1s un correo de nuestra parte, ese no ser\u00e1 un comprobante de pago.<\/li>\n<li>Una vez acreditado el pago, haremos el env\u00edo correspondiente de los productos que hayas comprado.<\/li>\n<\/ol>\n<\/section>\n","protected":false},"excerpt":{"rendered":"<p>\u00bfC\u00f3mo Comprar? TodoEnvases\u00a0ofrece a sus clientes la oportunidad de comprar sus productos a trav\u00e9s de su tienda virtual Por ejemplo: Elige el producto que deseas comprar. Haz clic en el bot\u00f3n de \u00abAgregar al carrito\u00bb. Esto agregar\u00e1 el producto a tu carrito y te llevar\u00e1 al mismo. Puedes seguir agregando otros productos al carrito o [&hellip;]<\/p>\n","protected":false},"author":1,"featured_media":0,"parent":0,"menu_order":0,"comment_status":"closed","ping_status":"open","template":"","meta":{"footnotes":""},"class_list":["post-760","page","type-page","status-publish","hentry"],"_links":{"self":[{"href":"https:\/\/polybag.com.uy\/web\/wp-json\/wp\/v2\/pages\/760","targetHints":{"allow":["GET"]}}],"collection":[{"href":"https:\/\/polybag.com.uy\/web\/wp-json\/wp\/v2\/pages"}],"about":[{"href":"https:\/\/polybag.com.uy\/web\/wp-json\/wp\/v2\/types\/page"}],"author":[{"embeddable":true,"href":"https:\/\/polybag.com.uy\/web\/wp-json\/wp\/v2\/users\/1"}],"replies":[{"embeddable":true,"href":"https:\/\/polybag.com.uy\/web\/wp-json\/wp\/v2\/comments?post=760"}],"version-history":[{"count":9,"href":"https:\/\/polybag.com.uy\/web\/wp-json\/wp\/v2\/pages\/760\/revisions"}],"predecessor-version":[{"id":30498,"href":"https:\/\/polybag.com.uy\/web\/wp-json\/wp\/v2\/pages\/760\/revisions\/30498"}],"wp:attachment":[{"href":"https:\/\/polybag.com.uy\/web\/wp-json\/wp\/v2\/media?parent=760"}],"curies":[{"name":"wp","href":"https:\/\/api.w.org\/{rel}","templated":true}]}}